{"id":25,"date":"2019-09-16T09:02:53","date_gmt":"2019-09-16T09:02:53","guid":{"rendered":"https:\/\/the7.io\/yoga\/?page_id=25"},"modified":"2022-12-07T17:44:52","modified_gmt":"2022-12-07T16:44:52","slug":"about","status":"publish","type":"page","link":"https:\/\/www.ergotherapie-martina-gebhard.de\/cms\/about\/","title":{"rendered":"Was ist Ergotherapie?"},"content":{"rendered":"<div class=\"wpb-content-wrapper\"><p>[vc_row equal_height=&#8220;yes&#8220; content_placement=&#8220;top&#8220; css=&#8220;.vc_custom_1571477891398{padding-top: 70px !important;padding-bottom: 50px !important;}&#8220;][vc_column width=&#8220;1\/3&#8243; css=&#8220;.vc_custom_1571477821281{padding-bottom: 30px !important;}&#8220;]<div id=\"ultimate-heading-315769ecc1e0bfb75\" class=\"uvc-heading ult-adjust-bottom-margin ultimate-heading-315769ecc1e0bfb75 uvc-8345 \" data-hspacer=\"no_spacer\"  data-halign=\"left\" style=\"text-align:left\"><div class=\"uvc-heading-spacer no_spacer\" style=\"top\"><\/div><div class=\"uvc-main-heading ult-responsive\"  data-ultimate-target='.uvc-heading.ultimate-heading-315769ecc1e0bfb75 h1'  data-responsive-json-new='{\"font-size\":\"tablet_portrait:34px;\",\"line-height\":\"tablet_portrait:44px;\"}' ><h1 style=\"--font-weight:theme;margin-bottom:20px;\">Was ist Ergotherapie?<\/h1><\/div><\/div><div class=\"hr-thin style-double hr-left\" style=\"width: 70px;border-color: #2e2b36;border-top-width: 6px;\"><\/div>[\/vc_column][vc_column width=&#8220;2\/3&#8243; css=&#8220;.vc_custom_1571477868281{padding-bottom: 30px !important;}&#8220;]<div id=\"ultimate-heading-200869ecc1e0bfc75\" class=\"uvc-heading ult-adjust-bottom-margin ultimate-heading-200869ecc1e0bfc75 uvc-1517 \" data-hspacer=\"no_spacer\"  data-halign=\"left\" style=\"text-align:left\"><div class=\"uvc-heading-spacer no_spacer\" style=\"top\"><\/div><div class=\"uvc-sub-heading ult-responsive\"  data-ultimate-target='.uvc-heading.ultimate-heading-200869ecc1e0bfc75 .uvc-sub-heading '  data-responsive-json-new='{\"font-size\":\"desktop:25px;\",\"line-height\":\"\"}'  style=\"font-weight:normal;\">Ergotherapie ist eine auf medizinischer und sozialwissenschaftlicher Grundlage basierende Behandlungsmethode und geh\u00f6rt zu den \u00e4rztlich zu verordnenden Heilmitteln.<\/div><\/div>[\/vc_column][\/vc_row][vc_row full_width=&#8220;stretch_row_content_no_spaces&#8220; equal_height=&#8220;yes&#8220; content_placement=&#8220;top&#8220;][vc_column css=&#8220;.vc_custom_1571482000254{padding-top: 70px !important;padding-right: 50px !important;padding-bottom: 70px !important;padding-left: 50px !important;background-color: #2e2b36 !important;}&#8220; offset=&#8220;vc_col-lg-6 vc_col-md-6 vc_col-xs-12&#8243;]<div id=\"ultimate-heading-341169ecc1e0bfccd\" class=\"uvc-heading ult-adjust-bottom-margin ultimate-heading-341169ecc1e0bfccd uvc-2086  uvc-heading-default-font-sizes\" data-hspacer=\"no_spacer\"  data-halign=\"left\" style=\"text-align:left\"><div class=\"uvc-heading-spacer no_spacer\" style=\"top\"><\/div><div class=\"uvc-main-heading ult-responsive\"  data-ultimate-target='.uvc-heading.ultimate-heading-341169ecc1e0bfccd h2'  data-responsive-json-new='{\"font-size\":\"\",\"line-height\":\"\"}' ><h2 style=\"--font-weight:theme;color:#ffffff;margin-bottom:30px;\">Das Ziel?<\/h2><\/div><div class=\"uvc-sub-heading ult-responsive\"  data-ultimate-target='.uvc-heading.ultimate-heading-341169ecc1e0bfccd .uvc-sub-heading '  data-responsive-json-new='{\"font-size\":\"\",\"line-height\":\"\"}'  style=\"font-weight:normal;color:#ffffff;margin-bottom:30px;\">Die Ziele der Behandlung durch Ergotherapie liegen im Erreichen der gr\u00f6\u00dftm\u00f6glichen Handlungsf\u00e4higkeit des Menschen im Alltag.<\/div><\/div>[\/vc_column][vc_column css=&#8220;.vc_custom_1670431452204{padding-top: 170px !important;padding-right: 50px !important;padding-bottom: 170px !important;padding-left: 50px !important;background: #ececec url(https:\/\/www.ergotherapie-martina-gebhard.de\/cms\/wp-content\/uploads\/2022\/12\/Untitled_1.5.1-e1670420576703.jpg?id=1897) !important;background-position: center !important;background-repeat: no-repeat !important;background-size: cover !important;}&#8220; offset=&#8220;vc_col-lg-6 vc_col-md-6 vc_col-xs-12&#8243;][\/vc_column][\/vc_row][vc_row full_width=&#8220;stretch_row_content_no_spaces&#8220; equal_height=&#8220;yes&#8220; content_placement=&#8220;top&#8220; el_class=&#8220;reverse-row-on-mobile&#8220;][vc_column css=&#8220;.vc_custom_1670431490171{padding-top: 170px !important;padding-right: 50px !important;padding-bottom: 170px !important;padding-left: 50px !important;background-image: url(https:\/\/www.ergotherapie-martina-gebhard.de\/cms\/wp-content\/uploads\/2022\/12\/Untitled_1.12.1.jpg?id=1896) !important;background-position: center !important;background-repeat: no-repeat !important;background-size: cover !important;}&#8220; offset=&#8220;vc_col-lg-6 vc_col-md-6 vc_col-xs-12&#8243;][\/vc_column][vc_column css=&#8220;.vc_custom_1571482011322{padding-top: 70px !important;padding-right: 50px !important;padding-bottom: 70px !important;padding-left: 50px !important;background-color: #ececec !important;}&#8220; offset=&#8220;vc_col-lg-6 vc_col-md-6 vc_col-xs-12&#8243;]<div id=\"ultimate-heading-19969ecc1e0bfd38\" class=\"uvc-heading ult-adjust-bottom-margin ultimate-heading-19969ecc1e0bfd38 uvc-6015  uvc-heading-default-font-sizes\" data-hspacer=\"no_spacer\"  data-halign=\"left\" style=\"text-align:left\"><div class=\"uvc-heading-spacer no_spacer\" style=\"top\"><\/div><div class=\"uvc-main-heading ult-responsive\"  data-ultimate-target='.uvc-heading.ultimate-heading-19969ecc1e0bfd38 h2'  data-responsive-json-new='{\"font-size\":\"\",\"line-height\":\"\"}' ><h2 style=\"--font-weight:theme;margin-bottom:30px;\">Und das bedeutet?<\/h2><\/div><div class=\"uvc-sub-heading ult-responsive\"  data-ultimate-target='.uvc-heading.ultimate-heading-19969ecc1e0bfd38 .uvc-sub-heading '  data-responsive-json-new='{\"font-size\":\"\",\"line-height\":\"\"}'  style=\"font-weight:normal;\">Dies bedeutet individuelle Therapieziele zu finden, um den unterschiedlichen Alltagsanforderungen des Einzelnen gerecht zu werden. Speziell f\u00fcr jeden Patienten werden die geeigneten Methoden und Materialien ausgew\u00e4hlt, da die pers\u00f6nlichen Handlungsf\u00e4higkeiten im Vordergrund stehen. Um die Behandlung in den Alltag eines Einzelnen zu integrieren, werden die Betreuenden, Angeh\u00f6rigen, \u00c4rzte und Institutionen mit einbezogen.<\/div><\/div>[\/vc_column][\/vc_row]<\/p>\n<\/div>","protected":false},"excerpt":{"rendered":"<p>[vc_row equal_height=&#8220;yes&#8220; content_placement=&#8220;top&#8220; css=&#8220;.vc_custom_1571477891398{padding-top: 70px !important;padding-bottom: 50px !important;}&#8220;][vc_column width=&#8220;1\/3&#8243; css=&#8220;.vc_custom_1571477821281{padding-bottom: 30px !important;}&#8220;][\/vc_column][vc_column width=&#8220;2\/3&#8243; css=&#8220;.vc_custom_1571477868281{padding-bottom: 30px !important;}&#8220;][\/vc_column][\/vc_row][vc_row full_width=&#8220;stretch_row_content_no_spaces&#8220; equal_height=&#8220;yes&#8220; content_placement=&#8220;top&#8220;][vc_column css=&#8220;.vc_custom_1571482000254{padding-top: 70px !important;padding-right: 50px !important;padding-bottom: 70px !important;padding-left: 50px !important;background-color: #2e2b36 !important;}&#8220; offset=&#8220;vc_col-lg-6 vc_col-md-6 vc_col-xs-12&#8243;][\/vc_column][vc_column css=&#8220;.vc_custom_1670431452204{padding-top: 170px !important;padding-right: 50px !important;padding-bottom: 170px !important;padding-left: 50px !important;background: #ececec url(https:\/\/www.ergotherapie-martina-gebhard.de\/cms\/wp-content\/uploads\/2022\/12\/Untitled_1.5.1-e1670420576703.jpg?id=1897) !important;background-position: center !important;background-repeat: no-repeat !important;background-size: cover !important;}&#8220; offset=&#8220;vc_col-lg-6 vc_col-md-6 vc_col-xs-12&#8243;][\/vc_column][\/vc_row][vc_row full_width=&#8220;stretch_row_content_no_spaces&#8220;&hellip;<\/p>\n","protected":false},"author":1,"featured_media":0,"parent":0,"menu_order":0,"comment_status":"closed","ping_status":"closed","template":"","meta":{"footnotes":""},"class_list":["post-25","page","type-page","status-publish","hentry","description-off"],"yoast_head":"<!-- This site is optimized with the Yoast SEO plugin v27.4 - https:\/\/yoast.com\/product\/yoast-seo-wordpress\/ -->\n<title>Was ist Ergotherapie? - ergotherapie-martina-gebhard.de<\/title>\n<meta name=\"robots\" content=\"index, follow, max-snippet:-1, max-image-preview:large, max-video-preview:-1\" \/>\n<link rel=\"canonical\" href=\"https:\/\/www.ergotherapie-martina-gebhard.de\/cms\/about\/\" \/>\n<meta property=\"og:locale\" content=\"de_DE\" \/>\n<meta property=\"og:type\" content=\"article\" \/>\n<meta property=\"og:title\" content=\"Was ist Ergotherapie? - ergotherapie-martina-gebhard.de\" \/>\n<meta property=\"og:description\" content=\"[vc_row equal_height=&#8220;yes&#8220; content_placement=&#8220;top&#8220; css=&#8220;.vc_custom_1571477891398{padding-top: 70px !important;padding-bottom: 50px !important;}&#8220;][vc_column width=&#8220;1\/3&#8243; css=&#8220;.vc_custom_1571477821281{padding-bottom: 30px !important;}&#8220;][\/vc_column][vc_column width=&#8220;2\/3&#8243; css=&#8220;.vc_custom_1571477868281{padding-bottom: 30px !important;}&#8220;][\/vc_column][\/vc_row][vc_row full_width=&#8220;stretch_row_content_no_spaces&#8220; equal_height=&#8220;yes&#8220; content_placement=&#8220;top&#8220;][vc_column css=&#8220;.vc_custom_1571482000254{padding-top: 70px !important;padding-right: 50px !important;padding-bottom: 70px !important;padding-left: 50px !important;background-color: #2e2b36 !important;}&#8220; offset=&#8220;vc_col-lg-6 vc_col-md-6 vc_col-xs-12&#8243;][\/vc_column][vc_column css=&#8220;.vc_custom_1670431452204{padding-top: 170px !important;padding-right: 50px !important;padding-bottom: 170px !important;padding-left: 50px !important;background: #ececec url(https:\/\/www.ergotherapie-martina-gebhard.de\/cms\/wp-content\/uploads\/2022\/12\/Untitled_1.5.1-e1670420576703.jpg?id=1897) !important;background-position: center !important;background-repeat: no-repeat !important;background-size: cover !important;}&#8220; offset=&#8220;vc_col-lg-6 vc_col-md-6 vc_col-xs-12&#8243;][\/vc_column][\/vc_row][vc_row full_width=&#8220;stretch_row_content_no_spaces&#8220;&hellip;\" \/>\n<meta property=\"og:url\" content=\"https:\/\/www.ergotherapie-martina-gebhard.de\/cms\/about\/\" \/>\n<meta property=\"og:site_name\" content=\"ergotherapie-martina-gebhard.de\" \/>\n<meta property=\"article:modified_time\" content=\"2022-12-07T16:44:52+00:00\" \/>\n<meta name=\"twitter:card\" content=\"summary_large_image\" \/>\n<meta name=\"twitter:label1\" content=\"Gesch\u00e4tzte Lesezeit\" \/>\n\t<meta name=\"twitter:data1\" content=\"2\u00a0Minuten\" \/>\n<script type=\"application\/ld+json\" class=\"yoast-schema-graph\">{\"@context\":\"https:\\\/\\\/schema.org\",\"@graph\":[{\"@type\":\"WebPage\",\"@id\":\"https:\\\/\\\/www.ergotherapie-martina-gebhard.de\\\/cms\\\/about\\\/\",\"url\":\"https:\\\/\\\/www.ergotherapie-martina-gebhard.de\\\/cms\\\/about\\\/\",\"name\":\"Was ist Ergotherapie? - ergotherapie-martina-gebhard.de\",\"isPartOf\":{\"@id\":\"https:\\\/\\\/www.ergotherapie-martina-gebhard.de\\\/cms\\\/#website\"},\"datePublished\":\"2019-09-16T09:02:53+00:00\",\"dateModified\":\"2022-12-07T16:44:52+00:00\",\"breadcrumb\":{\"@id\":\"https:\\\/\\\/www.ergotherapie-martina-gebhard.de\\\/cms\\\/about\\\/#breadcrumb\"},\"inLanguage\":\"de\",\"potentialAction\":[{\"@type\":\"ReadAction\",\"target\":[\"https:\\\/\\\/www.ergotherapie-martina-gebhard.de\\\/cms\\\/about\\\/\"]}]},{\"@type\":\"BreadcrumbList\",\"@id\":\"https:\\\/\\\/www.ergotherapie-martina-gebhard.de\\\/cms\\\/about\\\/#breadcrumb\",\"itemListElement\":[{\"@type\":\"ListItem\",\"position\":1,\"name\":\"Startseite\",\"item\":\"https:\\\/\\\/www.ergotherapie-martina-gebhard.de\\\/cms\\\/\"},{\"@type\":\"ListItem\",\"position\":2,\"name\":\"Was ist Ergotherapie?\"}]},{\"@type\":\"WebSite\",\"@id\":\"https:\\\/\\\/www.ergotherapie-martina-gebhard.de\\\/cms\\\/#website\",\"url\":\"https:\\\/\\\/www.ergotherapie-martina-gebhard.de\\\/cms\\\/\",\"name\":\"ergotherapie-martina-gebhard.de\",\"description\":\"Autismus &amp; Ergotherapeutische Behandlung\",\"potentialAction\":[{\"@type\":\"SearchAction\",\"target\":{\"@type\":\"EntryPoint\",\"urlTemplate\":\"https:\\\/\\\/www.ergotherapie-martina-gebhard.de\\\/cms\\\/?s={search_term_string}\"},\"query-input\":{\"@type\":\"PropertyValueSpecification\",\"valueRequired\":true,\"valueName\":\"search_term_string\"}}],\"inLanguage\":\"de\"}]}<\/script>\n<!-- \/ Yoast SEO plugin. -->","yoast_head_json":{"title":"Was ist Ergotherapie? - ergotherapie-martina-gebhard.de","robots":{"index":"index","follow":"follow","max-snippet":"max-snippet:-1","max-image-preview":"max-image-preview:large","max-video-preview":"max-video-preview:-1"},"canonical":"https:\/\/www.ergotherapie-martina-gebhard.de\/cms\/about\/","og_locale":"de_DE","og_type":"article","og_title":"Was ist Ergotherapie? - ergotherapie-martina-gebhard.de","og_description":"[vc_row equal_height=&#8220;yes&#8220; content_placement=&#8220;top&#8220; css=&#8220;.vc_custom_1571477891398{padding-top: 70px !important;padding-bottom: 50px !important;}&#8220;][vc_column width=&#8220;1\/3&#8243; css=&#8220;.vc_custom_1571477821281{padding-bottom: 30px !important;}&#8220;][\/vc_column][vc_column width=&#8220;2\/3&#8243; css=&#8220;.vc_custom_1571477868281{padding-bottom: 30px !important;}&#8220;][\/vc_column][\/vc_row][vc_row full_width=&#8220;stretch_row_content_no_spaces&#8220; equal_height=&#8220;yes&#8220; content_placement=&#8220;top&#8220;][vc_column css=&#8220;.vc_custom_1571482000254{padding-top: 70px !important;padding-right: 50px !important;padding-bottom: 70px !important;padding-left: 50px !important;background-color: #2e2b36 !important;}&#8220; offset=&#8220;vc_col-lg-6 vc_col-md-6 vc_col-xs-12&#8243;][\/vc_column][vc_column css=&#8220;.vc_custom_1670431452204{padding-top: 170px !important;padding-right: 50px !important;padding-bottom: 170px !important;padding-left: 50px !important;background: #ececec url(https:\/\/www.ergotherapie-martina-gebhard.de\/cms\/wp-content\/uploads\/2022\/12\/Untitled_1.5.1-e1670420576703.jpg?id=1897) !important;background-position: center !important;background-repeat: no-repeat !important;background-size: cover !important;}&#8220; offset=&#8220;vc_col-lg-6 vc_col-md-6 vc_col-xs-12&#8243;][\/vc_column][\/vc_row][vc_row full_width=&#8220;stretch_row_content_no_spaces&#8220;&hellip;","og_url":"https:\/\/www.ergotherapie-martina-gebhard.de\/cms\/about\/","og_site_name":"ergotherapie-martina-gebhard.de","article_modified_time":"2022-12-07T16:44:52+00:00","twitter_card":"summary_large_image","twitter_misc":{"Gesch\u00e4tzte Lesezeit":"2\u00a0Minuten"},"schema":{"@context":"https:\/\/schema.org","@graph":[{"@type":"WebPage","@id":"https:\/\/www.ergotherapie-martina-gebhard.de\/cms\/about\/","url":"https:\/\/www.ergotherapie-martina-gebhard.de\/cms\/about\/","name":"Was ist Ergotherapie? - ergotherapie-martina-gebhard.de","isPartOf":{"@id":"https:\/\/www.ergotherapie-martina-gebhard.de\/cms\/#website"},"datePublished":"2019-09-16T09:02:53+00:00","dateModified":"2022-12-07T16:44:52+00:00","breadcrumb":{"@id":"https:\/\/www.ergotherapie-martina-gebhard.de\/cms\/about\/#breadcrumb"},"inLanguage":"de","potentialAction":[{"@type":"ReadAction","target":["https:\/\/www.ergotherapie-martina-gebhard.de\/cms\/about\/"]}]},{"@type":"BreadcrumbList","@id":"https:\/\/www.ergotherapie-martina-gebhard.de\/cms\/about\/#breadcrumb","itemListElement":[{"@type":"ListItem","position":1,"name":"Startseite","item":"https:\/\/www.ergotherapie-martina-gebhard.de\/cms\/"},{"@type":"ListItem","position":2,"name":"Was ist Ergotherapie?"}]},{"@type":"WebSite","@id":"https:\/\/www.ergotherapie-martina-gebhard.de\/cms\/#website","url":"https:\/\/www.ergotherapie-martina-gebhard.de\/cms\/","name":"ergotherapie-martina-gebhard.de","description":"Autismus &amp; Ergotherapeutische Behandlung","potentialAction":[{"@type":"SearchAction","target":{"@type":"EntryPoint","urlTemplate":"https:\/\/www.ergotherapie-martina-gebhard.de\/cms\/?s={search_term_string}"},"query-input":{"@type":"PropertyValueSpecification","valueRequired":true,"valueName":"search_term_string"}}],"inLanguage":"de"}]}},"_links":{"self":[{"href":"https:\/\/www.ergotherapie-martina-gebhard.de\/cms\/wp-json\/wp\/v2\/pages\/25","targetHints":{"allow":["GET"]}}],"collection":[{"href":"https:\/\/www.ergotherapie-martina-gebhard.de\/cms\/wp-json\/wp\/v2\/pages"}],"about":[{"href":"https:\/\/www.ergotherapie-martina-gebhard.de\/cms\/wp-json\/wp\/v2\/types\/page"}],"author":[{"embeddable":true,"href":"https:\/\/www.ergotherapie-martina-gebhard.de\/cms\/wp-json\/wp\/v2\/users\/1"}],"replies":[{"embeddable":true,"href":"https:\/\/www.ergotherapie-martina-gebhard.de\/cms\/wp-json\/wp\/v2\/comments?post=25"}],"version-history":[{"count":9,"href":"https:\/\/www.ergotherapie-martina-gebhard.de\/cms\/wp-json\/wp\/v2\/pages\/25\/revisions"}],"predecessor-version":[{"id":1974,"href":"https:\/\/www.ergotherapie-martina-gebhard.de\/cms\/wp-json\/wp\/v2\/pages\/25\/revisions\/1974"}],"wp:attachment":[{"href":"https:\/\/www.ergotherapie-martina-gebhard.de\/cms\/wp-json\/wp\/v2\/media?parent=25"}],"curies":[{"name":"wp","href":"https:\/\/api.w.org\/{rel}","templated":true}]}}